{"id":240633,"date":"2024-02-09T19:26:48","date_gmt":"2024-02-09T18:26:48","guid":{"rendered":"https:\/\/luxecarexport.fr\/?page_id=240633"},"modified":"2024-03-08T17:41:29","modified_gmt":"2024-03-08T16:41:29","slug":"mentions-legales","status":"publish","type":"page","link":"https:\/\/luxecarexport.fr\/en_us\/mentions-legales\/","title":{"rendered":"Legal notices"},"content":{"rendered":"<p>[et_pb_section fb_built=\u00a0\u00bb1&Prime; _builder_version=\u00a0\u00bb4.24.0&Prime; _module_preset=\u00a0\u00bbdefault\u00a0\u00bb background_color=\u00a0\u00bbrgba(0,0,0,0.3)\u00a0\u00bb background_image=\u00a0\u00bbhttps:\/\/luxecarexport.fr\/wp-content\/uploads\/2024\/02\/mentions-legales-luxe-car-export-scaled.jpg\u00a0\u00bb background_blend=\u00a0\u00bboverlay\u00a0\u00bb height=\u00a0\u00bb100vh\u00a0\u00bb border_radii=\u00a0\u00bboff|||40px|40px\u00a0\u00bb locked=\u00a0\u00bboff\u00a0\u00bb global_colors_info=\u00a0\u00bb{}\u00a0\u00bb][et_pb_row custom_padding_last_edited=\u00a0\u00bbon|phone\u00a0\u00bb _builder_version=\u00a0\u00bb4.24.0&Prime; _module_preset=\u00a0\u00bbdefault\u00a0\u00bb max_width_tablet=\u00a0\u00bb70%\u00a0\u00bb max_width_phone=\u00a0\u00bb100%\u00a0\u00bb max_width_last_edited=\u00a0\u00bbon|desktop\u00a0\u00bb custom_margin=\u00a0\u00bb||||false|false\u00a0\u00bb custom_padding=\u00a0\u00bb250px||||false|false\u00a0\u00bb custom_padding_tablet=\u00a0\u00bb170px||||false|false\u00a0\u00bb custom_padding_phone=\u00a0\u00bb150px||||false|false\u00a0\u00bb animation_style=\u00a0\u00bbfade\u00a0\u00bb global_colors_info=\u00a0\u00bb{}\u00a0\u00bb][et_pb_column type=\u00a0\u00bb4_4&Prime; _builder_version=\u00a0\u00bb4.17.4&Prime; _module_preset=\u00a0\u00bbdefault\u00a0\u00bb global_colors_info=\u00a0\u00bb{}\u00a0\u00bb][et_pb_text _builder_version=\u00a0\u00bb4.24.0&Prime; _module_preset=\u00a0\u00bbdefault\u00a0\u00bb text_font=\u00a0\u00bb||||||||\u00a0\u00bb text_text_color=\u00a0\u00bb#FFFFFF\u00a0\u00bb text_font_size=\u00a0\u00bb18px\u00a0\u00bb header_font=\u00a0\u00bbFactor A Bold||||||||\u00a0\u00bb header_text_align=\u00a0\u00bbleft\u00a0\u00bb header_text_color=\u00a0\u00bb#FFFFFF\u00a0\u00bb header_font_size=\u00a0\u00bb50px\u00a0\u00bb header_line_height=\u00a0\u00bb1.1em\u00a0\u00bb header_2_font=\u00a0\u00bbSackersGothicStd-Med||||||||\u00a0\u00bb header_2_font_size=\u00a0\u00bb50px\u00a0\u00bb header_3_font_size=\u00a0\u00bb50px\u00a0\u00bb header_4_font_size=\u00a0\u00bb50px\u00a0\u00bb header_5_font_size=\u00a0\u00bb50px\u00a0\u00bb header_6_font_size=\u00a0\u00bb50px\u00a0\u00bb header_font_size_tablet=\u00a0\u00bb\u00a0\u00bb header_font_size_phone=\u00a0\u00bb40px\u00a0\u00bb header_font_size_last_edited=\u00a0\u00bbon|desktop\u00a0\u00bb header_2_font_size_tablet=\u00a0\u00bb\u00a0\u00bb header_2_font_size_phone=\u00a0\u00bb40px\u00a0\u00bb header_2_font_size_last_edited=\u00a0\u00bbon|phone\u00a0\u00bb header_3_font_size_tablet=\u00a0\u00bb\u00a0\u00bb header_3_font_size_phone=\u00a0\u00bb40px\u00a0\u00bb header_3_font_size_last_edited=\u00a0\u00bbon|phone\u00a0\u00bb header_4_font_size_tablet=\u00a0\u00bb\u00a0\u00bb header_4_font_size_phone=\u00a0\u00bb40px\u00a0\u00bb header_4_font_size_last_edited=\u00a0\u00bbon|phone\u00a0\u00bb header_5_font_size_tablet=\u00a0\u00bb\u00a0\u00bb header_5_font_size_phone=\u00a0\u00bb40px\u00a0\u00bb header_5_font_size_last_edited=\u00a0\u00bbon|phone\u00a0\u00bb header_6_font_size_tablet=\u00a0\u00bb\u00a0\u00bb header_6_font_size_phone=\u00a0\u00bb40px\u00a0\u00bb header_6_font_size_last_edited=\u00a0\u00bbon|phone\u00a0\u00bb global_colors_info=\u00a0\u00bb{}\u00a0\u00bb]<\/p>\n<h1 style=\"text-align: center;\">Legal notices Luxury Car Export<\/h1>\n<p>[\/et_pb_text][\/et_pb_column][\/et_pb_row][\/et_pb_section][et_pb_section fb_built=\u00a0\u00bb1&Prime; _builder_version=\u00a0\u00bb4.24.0&Prime; _module_preset=\u00a0\u00bbdefault\u00a0\u00bb custom_padding=\u00a0\u00bb||0px|||\u00a0\u00bb global_colors_info=\u00a0\u00bb{}\u00a0\u00bb][et_pb_row _builder_version=\u00a0\u00bb4.24.0&Prime; _module_preset=\u00a0\u00bbdefault\u00a0\u00bb custom_margin=\u00a0\u00bb|auto||auto|false|false\u00a0\u00bb global_colors_info=\u00a0\u00bb{}\u00a0\u00bb][et_pb_column type=\u00a0\u00bb4_4&Prime; _builder_version=\u00a0\u00bb4.24.0&Prime; _module_preset=\u00a0\u00bbdefault\u00a0\u00bb global_colors_info=\u00a0\u00bb{}\u00a0\u00bb][et_pb_text _builder_version=\u00a0\u00bb4.24.0&Prime; _module_preset=\u00a0\u00bbdefault\u00a0\u00bb header_2_font=\u00a0\u00bbFactor A Bold||||||||\u00a0\u00bb header_2_text_color=\u00a0\u00bb#000000&Prime; header_2_font_size=\u00a0\u00bb30px\u00a0\u00bb global_colors_info=\u00a0\u00bb{}\u00a0\u00bb]<\/p>\n<h2 style=\"text-align: center;\">Legal information about the company and the website<\/h2>\n<p>[\/et_pb_text][et_pb_text _builder_version=\u00a0\u00bb4.24.2&Prime; _module_preset=\u00a0\u00bbdefault\u00a0\u00bb text_font=\u00a0\u00bbFactor A Regular||||||||\u00a0\u00bb text_font_size=\u00a0\u00bb18px\u00a0\u00bb link_text_color=\u00a0\u00bb#000000&Prime; header_2_font=\u00a0\u00bbFactor A Bold||||||||\u00a0\u00bb header_2_text_color=\u00a0\u00bb#000000&Prime; header_2_font_size=\u00a0\u00bb30px\u00a0\u00bb hover_enabled=\u00a0\u00bb0&Prime; global_colors_info=\u00a0\u00bb{}\u00a0\u00bb sticky_enabled=\u00a0\u00bb0&Prime;]<\/p>\n<p class=\"p1\">Under article 6 of the law n\u00b0 2004-575 of 21 June 2004 on confidence in the digital economy, it is clear to users of the site <a href=\"https:\/\/luxecarexport.fr\/en_us\/\">luxecarexport.fr<\/a> the identity of the various stakeholders in the context of its realization and its follow-up :<\/p>\n<p class=\"p1\">Owner : LUXECARS<\/p>\n<p class=\"p1\">Headquarters : 29518 Ajman Freezone, Dubai, united arab Emirates<\/p>\n<p class=\"p1\">Publication :\u00a0 <a href=\"mailto:luxecarexport@gmail.com\">luxecarexport@gmail.com<\/a><\/p>\n<p class=\"p1\">Website design : <a href=\"https:\/\/sosozhi.fr\/\"><span class=\"s1\">Sosozhi<\/span><\/a>\u00a0<\/p>\n<p class=\"p1\">Webmaster :\u00a0<a href=\"https:\/\/sosozhi.fr\/\"><span class=\"s1\">Sosozhi<\/span><\/a>\u00a0<\/p>\n<p class=\"p1\">Hosting company : OVH located in France \u2013 OVH SAS is a subsidiary of OVH Group SA, a company registered with the RCS Lille under the number 537 407 926 located at 2, rue Kellermann, 59100 Roubaix, france \u2013 <a href=\"https:\/\/www.ovhcloud.com\/fr\/\">OVH<\/a><\/p>\n<p>[\/et_pb_text][\/et_pb_column][\/et_pb_row][\/et_pb_section]<\/p>","protected":false},"excerpt":{"rendered":"<p>Mentions l\u00e9gales Luxe Car ExportInformations l\u00e9gales sur la soci\u00e9t\u00e9 et le site internetEn vertu de l\u2019article 6 de la loi n\u00b0 2004-575 du 21 juin 2004 pour la confiance dans l\u2019\u00e9conomie num\u00e9rique, il est pr\u00e9cis\u00e9 aux utilisateurs du site luxecarexport.fr l\u2019identit\u00e9 des diff\u00e9rents intervenants dans le cadre de sa r\u00e9alisation et de son suivi : [&hellip;]<\/p>","protected":false},"author":1,"featured_media":240638,"parent":0,"menu_order":0,"comment_status":"closed","ping_status":"closed","template":"","meta":{"_et_pb_use_builder":"on","_et_pb_old_content":"<!-- wp:divi\/placeholder \/-->","_et_gb_content_width":"","_vp_format_video_url":"","_vp_image_focal_point":[],"footnotes":""},"class_list":["post-240633","page","type-page","status-publish","has-post-thumbnail","hentry"],"yoast_head":"<!-- This site is optimized with the Yoast SEO plugin v27.5 - https:\/\/yoast.com\/product\/yoast-seo-wordpress\/ -->\n<title>Mentions l\u00e9gales de la soci\u00e9t\u00e9 Luxe Car Export Dubai - France<\/title>\n<meta name=\"description\" content=\"Les informations l\u00e9gales sur l&#039;entreprise Luxe Car Export. Retrouvez \u00e9galement les \u00e9l\u00e9ments sur l&#039;administration du site internet.\" \/>\n<meta name=\"robots\" content=\"index, follow, max-snippet:-1, max-image-preview:large, max-video-preview:-1\" \/>\n<link rel=\"canonical\" href=\"https:\/\/luxecarexport.fr\/en_us\/mentions-legales\/\" \/>\n<meta property=\"og:locale\" content=\"en_US\" \/>\n<meta property=\"og:type\" content=\"article\" \/>\n<meta property=\"og:title\" content=\"Mentions l\u00e9gales de la soci\u00e9t\u00e9 Luxe Car Export Dubai - France\" \/>\n<meta property=\"og:description\" content=\"Les informations l\u00e9gales sur l&#039;entreprise Luxe Car Export. Retrouvez \u00e9galement les \u00e9l\u00e9ments sur l&#039;administration du site internet.\" \/>\n<meta property=\"og:url\" content=\"https:\/\/luxecarexport.fr\/en_us\/mentions-legales\/\" \/>\n<meta property=\"og:site_name\" content=\"Luxe Car Export - Importer un v\u00e9hicule de Dubai\" \/>\n<meta property=\"article:modified_time\" content=\"2024-03-08T16:41:29+00:00\" \/>\n<meta property=\"og:image\" content=\"https:\/\/luxecarexport.fr\/wp-content\/uploads\/2024\/02\/mentions-legales-luxe-car-export-scaled.jpg\" \/>\n\t<meta property=\"og:image:width\" content=\"2560\" \/>\n\t<meta property=\"og:image:height\" content=\"1708\" \/>\n\t<meta property=\"og:image:type\" content=\"image\/jpeg\" \/>\n<meta name=\"twitter:card\" content=\"summary_large_image\" \/>\n<meta name=\"twitter:label1\" content=\"Est. reading time\" \/>\n\t<meta name=\"twitter:data1\" content=\"1 minute\" \/>\n<script type=\"application\/ld+json\" class=\"yoast-schema-graph\">{\"@context\":\"https:\\\/\\\/schema.org\",\"@graph\":[{\"@type\":\"WebPage\",\"@id\":\"https:\\\/\\\/luxecarexport.fr\\\/mentions-legales\\\/\",\"url\":\"https:\\\/\\\/luxecarexport.fr\\\/mentions-legales\\\/\",\"name\":\"Mentions l\u00e9gales de la soci\u00e9t\u00e9 Luxe Car Export Dubai - France\",\"isPartOf\":{\"@id\":\"https:\\\/\\\/luxecarexport.fr\\\/#website\"},\"primaryImageOfPage\":{\"@id\":\"https:\\\/\\\/luxecarexport.fr\\\/mentions-legales\\\/#primaryimage\"},\"image\":{\"@id\":\"https:\\\/\\\/luxecarexport.fr\\\/mentions-legales\\\/#primaryimage\"},\"thumbnailUrl\":\"https:\\\/\\\/luxecarexport.fr\\\/wp-content\\\/uploads\\\/2024\\\/02\\\/mentions-legales-luxe-car-export-scaled.jpg\",\"datePublished\":\"2024-02-09T18:26:48+00:00\",\"dateModified\":\"2024-03-08T16:41:29+00:00\",\"description\":\"Les informations l\u00e9gales sur l'entreprise Luxe Car Export. Retrouvez \u00e9galement les \u00e9l\u00e9ments sur l'administration du site internet.\",\"breadcrumb\":{\"@id\":\"https:\\\/\\\/luxecarexport.fr\\\/mentions-legales\\\/#breadcrumb\"},\"inLanguage\":\"en-US\",\"potentialAction\":[{\"@type\":\"ReadAction\",\"target\":[\"https:\\\/\\\/luxecarexport.fr\\\/mentions-legales\\\/\"]}]},{\"@type\":\"ImageObject\",\"inLanguage\":\"en-US\",\"@id\":\"https:\\\/\\\/luxecarexport.fr\\\/mentions-legales\\\/#primaryimage\",\"url\":\"https:\\\/\\\/luxecarexport.fr\\\/wp-content\\\/uploads\\\/2024\\\/02\\\/mentions-legales-luxe-car-export-scaled.jpg\",\"contentUrl\":\"https:\\\/\\\/luxecarexport.fr\\\/wp-content\\\/uploads\\\/2024\\\/02\\\/mentions-legales-luxe-car-export-scaled.jpg\",\"width\":2560,\"height\":1708,\"caption\":\"mentions-le\u0301gales-luxe-car-export\"},{\"@type\":\"BreadcrumbList\",\"@id\":\"https:\\\/\\\/luxecarexport.fr\\\/mentions-legales\\\/#breadcrumb\",\"itemListElement\":[{\"@type\":\"ListItem\",\"position\":1,\"name\":\"Accueil\",\"item\":\"https:\\\/\\\/luxecarexport.fr\\\/\"},{\"@type\":\"ListItem\",\"position\":2,\"name\":\"Mentions l\u00e9gales\"}]},{\"@type\":\"WebSite\",\"@id\":\"https:\\\/\\\/luxecarexport.fr\\\/#website\",\"url\":\"https:\\\/\\\/luxecarexport.fr\\\/\",\"name\":\"Luxe Car Export - Importer votre v\u00e9hicule de Dubai\",\"description\":\"Site internet de la soci\u00e9t\u00e9 Luxe Car Export - sp\u00e9cialiste de l&#039;importation de v\u00e9hicules en provenance du Dubai, des Emirats.\",\"publisher\":{\"@id\":\"https:\\\/\\\/luxecarexport.fr\\\/#organization\"},\"potentialAction\":[{\"@type\":\"SearchAction\",\"target\":{\"@type\":\"EntryPoint\",\"urlTemplate\":\"https:\\\/\\\/luxecarexport.fr\\\/?s={search_term_string}\"},\"query-input\":{\"@type\":\"PropertyValueSpecification\",\"valueRequired\":true,\"valueName\":\"search_term_string\"}}],\"inLanguage\":\"en-US\"},{\"@type\":\"Organization\",\"@id\":\"https:\\\/\\\/luxecarexport.fr\\\/#organization\",\"name\":\"Luxe Car Export - Importer votre v\u00e9hicule de Dubai\",\"url\":\"https:\\\/\\\/luxecarexport.fr\\\/\",\"logo\":{\"@type\":\"ImageObject\",\"inLanguage\":\"en-US\",\"@id\":\"https:\\\/\\\/luxecarexport.fr\\\/#\\\/schema\\\/logo\\\/image\\\/\",\"url\":\"https:\\\/\\\/luxecarexport.fr\\\/wp-content\\\/uploads\\\/2024\\\/02\\\/favicon-luxe-car-export.png\",\"contentUrl\":\"https:\\\/\\\/luxecarexport.fr\\\/wp-content\\\/uploads\\\/2024\\\/02\\\/favicon-luxe-car-export.png\",\"width\":512,\"height\":512,\"caption\":\"Luxe Car Export - Importer votre v\u00e9hicule de Dubai\"},\"image\":{\"@id\":\"https:\\\/\\\/luxecarexport.fr\\\/#\\\/schema\\\/logo\\\/image\\\/\"},\"sameAs\":[\"https:\\\/\\\/wa.me\\\/c\\\/971504542788\",\"https:\\\/\\\/www.instagram.com\\\/luxecarexport\\\/\",\"https:\\\/\\\/www.tiktok.com\\\/@luxecarexport\",\"https:\\\/\\\/www.snapchat.com\\\/add\\\/luxecarexport23\"]}]}<\/script>\n<!-- \/ Yoast SEO plugin. -->","yoast_head_json":{"title":"Mentions l\u00e9gales de la soci\u00e9t\u00e9 Luxe Car Export Dubai - France","description":"Les informations l\u00e9gales sur l'entreprise Luxe Car Export. Retrouvez \u00e9galement les \u00e9l\u00e9ments sur l'administration du site internet.","robots":{"index":"index","follow":"follow","max-snippet":"max-snippet:-1","max-image-preview":"max-image-preview:large","max-video-preview":"max-video-preview:-1"},"canonical":"https:\/\/luxecarexport.fr\/en_us\/mentions-legales\/","og_locale":"en_US","og_type":"article","og_title":"Mentions l\u00e9gales de la soci\u00e9t\u00e9 Luxe Car Export Dubai - France","og_description":"Les informations l\u00e9gales sur l'entreprise Luxe Car Export. Retrouvez \u00e9galement les \u00e9l\u00e9ments sur l'administration du site internet.","og_url":"https:\/\/luxecarexport.fr\/en_us\/mentions-legales\/","og_site_name":"Luxe Car Export - Importer un v\u00e9hicule de Dubai","article_modified_time":"2024-03-08T16:41:29+00:00","og_image":[{"width":2560,"height":1708,"url":"https:\/\/luxecarexport.fr\/wp-content\/uploads\/2024\/02\/mentions-legales-luxe-car-export-scaled.jpg","type":"image\/jpeg"}],"twitter_card":"summary_large_image","twitter_misc":{"Est. reading time":"1 minute"},"schema":{"@context":"https:\/\/schema.org","@graph":[{"@type":"WebPage","@id":"https:\/\/luxecarexport.fr\/mentions-legales\/","url":"https:\/\/luxecarexport.fr\/mentions-legales\/","name":"Mentions l\u00e9gales de la soci\u00e9t\u00e9 Luxe Car Export Dubai - France","isPartOf":{"@id":"https:\/\/luxecarexport.fr\/#website"},"primaryImageOfPage":{"@id":"https:\/\/luxecarexport.fr\/mentions-legales\/#primaryimage"},"image":{"@id":"https:\/\/luxecarexport.fr\/mentions-legales\/#primaryimage"},"thumbnailUrl":"https:\/\/luxecarexport.fr\/wp-content\/uploads\/2024\/02\/mentions-legales-luxe-car-export-scaled.jpg","datePublished":"2024-02-09T18:26:48+00:00","dateModified":"2024-03-08T16:41:29+00:00","description":"Les informations l\u00e9gales sur l'entreprise Luxe Car Export. Retrouvez \u00e9galement les \u00e9l\u00e9ments sur l'administration du site internet.","breadcrumb":{"@id":"https:\/\/luxecarexport.fr\/mentions-legales\/#breadcrumb"},"inLanguage":"en-US","potentialAction":[{"@type":"ReadAction","target":["https:\/\/luxecarexport.fr\/mentions-legales\/"]}]},{"@type":"ImageObject","inLanguage":"en-US","@id":"https:\/\/luxecarexport.fr\/mentions-legales\/#primaryimage","url":"https:\/\/luxecarexport.fr\/wp-content\/uploads\/2024\/02\/mentions-legales-luxe-car-export-scaled.jpg","contentUrl":"https:\/\/luxecarexport.fr\/wp-content\/uploads\/2024\/02\/mentions-legales-luxe-car-export-scaled.jpg","width":2560,"height":1708,"caption":"mentions-le\u0301gales-luxe-car-export"},{"@type":"BreadcrumbList","@id":"https:\/\/luxecarexport.fr\/mentions-legales\/#breadcrumb","itemListElement":[{"@type":"ListItem","position":1,"name":"Accueil","item":"https:\/\/luxecarexport.fr\/"},{"@type":"ListItem","position":2,"name":"Mentions l\u00e9gales"}]},{"@type":"WebSite","@id":"https:\/\/luxecarexport.fr\/#website","url":"https:\/\/luxecarexport.fr\/","name":"Luxe Car Export - Importer votre v\u00e9hicule de Dubai","description":"Site internet de la soci\u00e9t\u00e9 Luxe Car Export - sp\u00e9cialiste de l&#039;importation de v\u00e9hicules en provenance du Dubai, des Emirats.","publisher":{"@id":"https:\/\/luxecarexport.fr\/#organization"},"potentialAction":[{"@type":"SearchAction","target":{"@type":"EntryPoint","urlTemplate":"https:\/\/luxecarexport.fr\/?s={search_term_string}"},"query-input":{"@type":"PropertyValueSpecification","valueRequired":true,"valueName":"search_term_string"}}],"inLanguage":"en-US"},{"@type":"Organization","@id":"https:\/\/luxecarexport.fr\/#organization","name":"Luxe Car Export - Importer votre v\u00e9hicule de Dubai","url":"https:\/\/luxecarexport.fr\/","logo":{"@type":"ImageObject","inLanguage":"en-US","@id":"https:\/\/luxecarexport.fr\/#\/schema\/logo\/image\/","url":"https:\/\/luxecarexport.fr\/wp-content\/uploads\/2024\/02\/favicon-luxe-car-export.png","contentUrl":"https:\/\/luxecarexport.fr\/wp-content\/uploads\/2024\/02\/favicon-luxe-car-export.png","width":512,"height":512,"caption":"Luxe Car Export - Importer votre v\u00e9hicule de Dubai"},"image":{"@id":"https:\/\/luxecarexport.fr\/#\/schema\/logo\/image\/"},"sameAs":["https:\/\/wa.me\/c\/971504542788","https:\/\/www.instagram.com\/luxecarexport\/","https:\/\/www.tiktok.com\/@luxecarexport","https:\/\/www.snapchat.com\/add\/luxecarexport23"]}]}},"_links":{"self":[{"href":"https:\/\/luxecarexport.fr\/en_us\/wp-json\/wp\/v2\/pages\/240633","targetHints":{"allow":["GET"]}}],"collection":[{"href":"https:\/\/luxecarexport.fr\/en_us\/wp-json\/wp\/v2\/pages"}],"about":[{"href":"https:\/\/luxecarexport.fr\/en_us\/wp-json\/wp\/v2\/types\/page"}],"author":[{"embeddable":true,"href":"https:\/\/luxecarexport.fr\/en_us\/wp-json\/wp\/v2\/users\/1"}],"replies":[{"embeddable":true,"href":"https:\/\/luxecarexport.fr\/en_us\/wp-json\/wp\/v2\/comments?post=240633"}],"version-history":[{"count":2,"href":"https:\/\/luxecarexport.fr\/en_us\/wp-json\/wp\/v2\/pages\/240633\/revisions"}],"predecessor-version":[{"id":240875,"href":"https:\/\/luxecarexport.fr\/en_us\/wp-json\/wp\/v2\/pages\/240633\/revisions\/240875"}],"wp:featuredmedia":[{"embeddable":true,"href":"https:\/\/luxecarexport.fr\/en_us\/wp-json\/wp\/v2\/media\/240638"}],"wp:attachment":[{"href":"https:\/\/luxecarexport.fr\/en_us\/wp-json\/wp\/v2\/media?parent=240633"}],"curies":[{"name":"wp","href":"https:\/\/api.w.org\/{rel}","templated":true}]}}